{"id":85,"date":"2022-04-25T22:15:08","date_gmt":"2022-04-25T22:15:08","guid":{"rendered":"https:\/\/djmarq.pl\/?page_id=85"},"modified":"2025-04-22T21:20:50","modified_gmt":"2025-04-22T21:20:50","slug":"doswiadczenie","status":"publish","type":"page","link":"https:\/\/djmarq.pl\/?page_id=85","title":{"rendered":"Do\u015bwiadczenie"},"content":{"rendered":"\t\t<div data-elementor-type=\"wp-page\" data-elementor-id=\"85\" class=\"elementor elementor-85\" data-elementor-post-type=\"page\">\n\t\t\t\t\t\t<section class=\"elementor-section elementor-top-section elementor-element elementor-element-73ec8f9c elementor-section-height-min-height elementor-section-boxed elementor-section-height-default elementor-section-items-middle\" data-id=\"73ec8f9c\" data-element_type=\"section\" data-settings=\"{&quot;background_background&quot;:&quot;classic&quot;,&quot;background_motion_fx_motion_fx_scrolling&quot;:&quot;yes&quot;,&quot;background_motion_fx_scale_effect&quot;:&quot;yes&quot;,&quot;background_motion_fx_scale_direction&quot;:&quot;in-out&quot;,&quot;background_motion_fx_scale_speed&quot;:{&quot;unit&quot;:&quot;px&quot;,&quot;size&quot;:2,&quot;sizes&quot;:[]},&quot;background_motion_fx_scale_range&quot;:{&quot;unit&quot;:&quot;%&quot;,&quot;size&quot;:&quot;&quot;,&quot;sizes&quot;:{&quot;start&quot;:20,&quot;end&quot;:80}},&quot;background_motion_fx_devices&quot;:[&quot;desktop&quot;,&quot;tablet&quot;,&quot;mobile&quot;]}\">\n\t\t\t\t\t\t\t<div class=\"elementor-background-overlay\"><\/div>\n\t\t\t\t\t\t\t<div class=\"elementor-container elementor-column-gap-default\">\n\t\t\t\t\t<div class=\"elementor-column elementor-col-50 elementor-top-column elementor-element elementor-element-74c3c542\" data-id=\"74c3c542\" data-element_type=\"column\">\n\t\t\t<div class=\"elementor-widget-wrap elementor-element-populated\">\n\t\t\t\t\t\t<div class=\"elementor-element elementor-element-7444b52 animated-fast elementor-invisible elementor-widget elementor-widget-heading\" data-id=\"7444b52\" data-element_type=\"widget\" data-settings=\"{&quot;_animation&quot;:&quot;fadeInUp&quot;,&quot;_animation_delay&quot;:200}\" data-widget_type=\"heading.default\">\n\t\t\t\t<div class=\"elementor-widget-container\">\n\t\t\t\t\t<h4 class=\"elementor-heading-title elementor-size-default\">Jestem DJ-em z wieloletnim do\u015bwiadczeniem \u2013 swoj\u0105 przygod\u0119 z profesjonalnymi imprezami rozpocz\u0105\u0142em w 1995 roku, w 2025 roku b\u0119d\u0119 obchodzi\u0107 ju\u017c 30-lecie w bran\u017cy. Przez te lata zagra\u0142em dziesi\u0105tki imprez \u2013 od kameralnych jubileuszy po du\u017ce eventy firmowe i plenerowe. Ka\u017cda z tych okazji by\u0142a dla mnie cennym do\u015bwiadczeniem, kt\u00f3re pozwoli\u0142o mi rozwija\u0107 swoje umiej\u0119tno\u015bci i doskonali\u0107 warsztat.\n\nMimo bogatego do\u015bwiadczenia, wci\u0105\u017c nieustannie pracuj\u0119 nad sob\u0105. Regularnie \u0107wicz\u0119 techniki miksu oraz selekcj\u0119, aby zawsze oferowa\u0107 najwy\u017csz\u0105 jako\u015b\u0107 i jak najlepiej dopasowan\u0105 muzyk\u0119 do klimatu wydarzenia. Uczestnicz\u0119 w warsztatach bran\u017cowych, kt\u00f3re pozwalaj\u0105 mi \u015bledzi\u0107 nowinki w DJ-ingu oraz doskonali\u0107 moje umiej\u0119tno\u015bci, aby by\u0107 na bie\u017c\u0105co z najnowszymi trendami.\n\nZawsze podchodz\u0119 do ka\u017cdej imprezy indywidualnie, bo wiem, jak wa\u017cne jest, aby dostarczy\u0107 uczestnikom niezapomniane wra\u017cenia. Regularnie wsp\u00f3\u0142pracuj\u0119 z innymi profesjonalistami z bran\u017cy, co daje mi dost\u0119p do najnowszych trend\u00f3w i technik. \nWykorzystuj\u0119 moje do\u015bwiadczenie aby ka\u017cda impreza pod moj\u0105 opiek\u0105 przebiega\u0142a p\u0142ynnie, a go\u015bcie bawili si\u0119 jak najd\u0142u\u017cej.\nJestem zrzeszony w DEEJAY MIX CLUB\n\n<\/h4>\t\t\t\t<\/div>\n\t\t\t\t<\/div>\n\t\t\t\t\t<\/div>\n\t\t<\/div>\n\t\t\t\t<div class=\"elementor-column elementor-col-50 elementor-top-column elementor-element elementor-element-5525ac41 elementor-hidden-tablet elementor-hidden-phone\" data-id=\"5525ac41\" data-element_type=\"column\">\n\t\t\t<div class=\"elementor-widget-wrap elementor-element-populated\">\n\t\t\t\t\t\t<div class=\"elementor-element elementor-element-979bf99 elementor-arrows-position-inside elementor-pagination-position-outside elementor-widget elementor-widget-image-carousel\" data-id=\"979bf99\" data-element_type=\"widget\" data-settings=\"{&quot;slides_to_show&quot;:&quot;2&quot;,&quot;image_spacing_custom&quot;:{&quot;unit&quot;:&quot;px&quot;,&quot;size&quot;:70,&quot;sizes&quot;:[]},&quot;navigation&quot;:&quot;both&quot;,&quot;autoplay&quot;:&quot;yes&quot;,&quot;pause_on_hover&quot;:&quot;yes&quot;,&quot;pause_on_interaction&quot;:&quot;yes&quot;,&quot;autoplay_speed&quot;:5000,&quot;infinite&quot;:&quot;yes&quot;,&quot;speed&quot;:500,&quot;image_spacing_custom_tablet&quot;:{&quot;unit&quot;:&quot;px&quot;,&quot;size&quot;:&quot;&quot;,&quot;sizes&quot;:[]},&quot;image_spacing_custom_mobile&quot;:{&quot;unit&quot;:&quot;px&quot;,&quot;size&quot;:&quot;&quot;,&quot;sizes&quot;:[]}}\" data-widget_type=\"image-carousel.default\">\n\t\t\t\t<div class=\"elementor-widget-container\">\n\t\t\t\t\t\t\t<div class=\"elementor-image-carousel-wrapper swiper\" role=\"region\" aria-roledescription=\"carousel\" aria-label=\"Karuzela obrazk\u00f3w\" dir=\"ltr\">\n\t\t\t<div class=\"elementor-image-carousel swiper-wrapper\" aria-live=\"off\">\n\t\t\t\t\t\t\t\t<div class=\"swiper-slide\" role=\"group\" aria-roledescription=\"slide\" aria-label=\"1 z 2\"><figure class=\"swiper-slide-inner\"><img decoding=\"async\" class=\"swiper-slide-image\" src=\"https:\/\/djmarq.pl\/wp-content\/uploads\/2022\/05\/DEEJAY-MIX-CLUB.jpg\" alt=\"DEEJAY MIX CLUB\" \/><\/figure><\/div><div class=\"swiper-slide\" role=\"group\" aria-roledescription=\"slide\" aria-label=\"2 z 2\"><figure class=\"swiper-slide-inner\"><img decoding=\"async\" class=\"swiper-slide-image\" src=\"https:\/\/djmarq.pl\/wp-content\/uploads\/2022\/05\/firma-godna-zaufania.jpeg\" alt=\"firma godna zaufania\" \/><\/figure><\/div>\t\t\t<\/div>\n\t\t\t\t\t\t\t\t\t\t\t\t<div class=\"elementor-swiper-button elementor-swiper-button-prev\" role=\"button\" tabindex=\"0\">\n\t\t\t\t\t\t<i aria-hidden=\"true\" class=\"eicon-chevron-left\"><\/i>\t\t\t\t\t<\/div>\n\t\t\t\t\t<div class=\"elementor-swiper-button elementor-swiper-button-next\" role=\"button\" tabindex=\"0\">\n\t\t\t\t\t\t<i aria-hidden=\"true\" class=\"eicon-chevron-right\"><\/i>\t\t\t\t\t<\/div>\n\t\t\t\t\n\t\t\t\t\t\t\t\t\t<div class=\"swiper-pagination\"><\/div>\n\t\t\t\t\t\t\t\t\t<\/div>\n\t\t\t\t\t\t<\/div>\n\t\t\t\t<\/div>\n\t\t\t\t\t<\/div>\n\t\t<\/div>\n\t\t\t\t\t<\/div>\n\t\t<\/section>\n\t\t\t\t<\/div>\n\t\t","protected":false},"excerpt":{"rendered":"<p>Jestem DJ-em z wieloletnim do\u015bwiadczeniem \u2013 swoj\u0105 przygod\u0119 z profesjonalnymi imprezami rozpocz\u0105\u0142em w 1995 roku, w 2025 roku b\u0119d\u0119 obchodzi\u0107 ju\u017c 30-lecie w bran\u017cy. Przez te lata zagra\u0142em dziesi\u0105tki imprez \u2013 od kameralnych jubileuszy po du\u017ce eventy firmowe i plenerowe. Ka\u017cda z tych okazji by\u0142a dla mnie cennym do\u015bwiadczeniem, kt\u00f3re pozwoli\u0142o mi rozwija\u0107 swoje umiej\u0119tno\u015bci [&hellip;]<\/p>\n","protected":false},"author":1,"featured_media":0,"parent":0,"menu_order":0,"comment_status":"closed","ping_status":"closed","template":"","meta":{"footnotes":""},"class_list":["post-85","page","type-page","status-publish","hentry","entry"],"acf":[],"_links":{"self":[{"href":"https:\/\/djmarq.pl\/index.php?rest_route=\/wp\/v2\/pages\/85","targetHints":{"allow":["GET"]}}],"collection":[{"href":"https:\/\/djmarq.pl\/index.php?rest_route=\/wp\/v2\/pages"}],"about":[{"href":"https:\/\/djmarq.pl\/index.php?rest_route=\/wp\/v2\/types\/page"}],"author":[{"embeddable":true,"href":"https:\/\/djmarq.pl\/index.php?rest_route=\/wp\/v2\/users\/1"}],"replies":[{"embeddable":true,"href":"https:\/\/djmarq.pl\/index.php?rest_route=%2Fwp%2Fv2%2Fcomments&post=85"}],"version-history":[{"count":63,"href":"https:\/\/djmarq.pl\/index.php?rest_route=\/wp\/v2\/pages\/85\/revisions"}],"predecessor-version":[{"id":641,"href":"https:\/\/djmarq.pl\/index.php?rest_route=\/wp\/v2\/pages\/85\/revisions\/641"}],"wp:attachment":[{"href":"https:\/\/djmarq.pl\/index.php?rest_route=%2Fwp%2Fv2%2Fmedia&parent=85"}],"curies":[{"name":"wp","href":"https:\/\/api.w.org\/{rel}","templated":true}]}}