{"id":52,"date":"2022-04-25T21:42:12","date_gmt":"2022-04-25T21:42:12","guid":{"rendered":"https:\/\/djmarq.pl\/?page_id=52"},"modified":"2025-04-22T21:24:04","modified_gmt":"2025-04-22T21:24:04","slug":"moja-pasja-i-troche-historii","status":"publish","type":"page","link":"https:\/\/djmarq.pl\/?page_id=52","title":{"rendered":"Poznaj mnie"},"content":{"rendered":"\t\t<div data-elementor-type=\"wp-page\" data-elementor-id=\"52\" class=\"elementor elementor-52\" data-elementor-post-type=\"page\">\n\t\t\t\t\t\t<section class=\"elementor-section elementor-top-section elementor-element elementor-element-73ec8f9c elementor-section-height-min-height elementor-section-boxed elementor-section-height-default elementor-section-items-middle\" data-id=\"73ec8f9c\" data-element_type=\"section\" data-settings=\"{&quot;background_background&quot;:&quot;classic&quot;,&quot;background_motion_fx_motion_fx_scrolling&quot;:&quot;yes&quot;,&quot;background_motion_fx_scale_effect&quot;:&quot;yes&quot;,&quot;background_motion_fx_scale_direction&quot;:&quot;in-out&quot;,&quot;background_motion_fx_scale_speed&quot;:{&quot;unit&quot;:&quot;px&quot;,&quot;size&quot;:2,&quot;sizes&quot;:[]},&quot;background_motion_fx_scale_range&quot;:{&quot;unit&quot;:&quot;%&quot;,&quot;size&quot;:&quot;&quot;,&quot;sizes&quot;:{&quot;start&quot;:20,&quot;end&quot;:80}},&quot;background_motion_fx_devices&quot;:[&quot;desktop&quot;,&quot;tablet&quot;,&quot;mobile&quot;]}\">\n\t\t\t\t\t\t\t<div class=\"elementor-background-overlay\"><\/div>\n\t\t\t\t\t\t\t<div class=\"elementor-container elementor-column-gap-default\">\n\t\t\t\t\t<div class=\"elementor-column elementor-col-50 elementor-top-column elementor-element elementor-element-74c3c542\" data-id=\"74c3c542\" data-element_type=\"column\">\n\t\t\t<div class=\"elementor-widget-wrap elementor-element-populated\">\n\t\t\t\t\t\t<div class=\"elementor-element elementor-element-6600174 elementor-widget__width-initial elementor-widget elementor-widget-image\" data-id=\"6600174\" data-element_type=\"widget\" data-widget_type=\"image.default\">\n\t\t\t\t<div class=\"elementor-widget-container\">\n\t\t\t\t\t\t\t\t\t\t\t\t\t\t\t<img fetchpriority=\"high\" decoding=\"async\" width=\"1024\" height=\"1536\" src=\"https:\/\/djmarq.pl\/wp-content\/uploads\/2025\/04\/PF405760-1024x1536.jpg\" class=\"attachment-1536x1536 size-1536x1536 wp-image-530\" alt=\"\" srcset=\"https:\/\/djmarq.pl\/wp-content\/uploads\/2025\/04\/PF405760-1024x1536.jpg 1024w, https:\/\/djmarq.pl\/wp-content\/uploads\/2025\/04\/PF405760-200x300.jpg 200w, https:\/\/djmarq.pl\/wp-content\/uploads\/2025\/04\/PF405760-683x1024.jpg 683w, https:\/\/djmarq.pl\/wp-content\/uploads\/2025\/04\/PF405760-768x1152.jpg 768w, https:\/\/djmarq.pl\/wp-content\/uploads\/2025\/04\/PF405760-1365x2048.jpg 1365w, https:\/\/djmarq.pl\/wp-content\/uploads\/2025\/04\/PF405760-scaled.jpg 1707w\" sizes=\"(max-width: 1024px) 100vw, 1024px\" \/>\t\t\t\t\t\t\t\t\t\t\t\t\t\t\t<\/div>\n\t\t\t\t<\/div>\n\t\t\t\t\t<\/div>\n\t\t<\/div>\n\t\t\t\t<div class=\"elementor-column elementor-col-50 elementor-top-column elementor-element elementor-element-5525ac41 elementor-hidden-tablet elementor-hidden-phone\" data-id=\"5525ac41\" data-element_type=\"column\">\n\t\t\t<div class=\"elementor-widget-wrap elementor-element-populated\">\n\t\t\t\t\t\t<div class=\"elementor-element elementor-element-eb8474a animated-fast elementor-widget__width-initial elementor-invisible elementor-widget elementor-widget-heading\" data-id=\"eb8474a\" data-element_type=\"widget\" data-settings=\"{&quot;_animation&quot;:&quot;fadeInUp&quot;}\" data-widget_type=\"heading.default\">\n\t\t\t\t<div class=\"elementor-widget-container\">\n\t\t\t\t\t<h5 class=\"elementor-heading-title elementor-size-default\">DJMARQ<\/h5>\t\t\t\t<\/div>\n\t\t\t\t<\/div>\n\t\t\t\t<div class=\"elementor-element elementor-element-171e98e animated-fast elementor-widget__width-initial elementor-invisible elementor-widget elementor-widget-heading\" data-id=\"171e98e\" data-element_type=\"widget\" data-settings=\"{&quot;_animation&quot;:&quot;fadeInUp&quot;,&quot;_animation_delay&quot;:100}\" data-widget_type=\"heading.default\">\n\t\t\t\t<div class=\"elementor-widget-container\">\n\t\t\t\t\t<h2 class=\"elementor-heading-title elementor-size-default\">POZNAJ MNIE<\/h2>\t\t\t\t<\/div>\n\t\t\t\t<\/div>\n\t\t\t\t<div class=\"elementor-element elementor-element-d129b39 animated-fast elementor-widget__width-initial elementor-invisible elementor-widget elementor-widget-text-editor\" data-id=\"d129b39\" data-element_type=\"widget\" data-settings=\"{&quot;_animation&quot;:&quot;fadeInUp&quot;,&quot;_animation_delay&quot;:200}\" data-widget_type=\"text-editor.default\">\n\t\t\t\t<div class=\"elementor-widget-container\">\n\t\t\t\t\t\t\t\t\t<p><span style=\"font-family: Arial, sans-serif;\"><span lang=\"pl-PL\">Muzyk\u0105 interesuj\u0119 si\u0119 od dziecka. Pierwsze dyskoteki jako \u201eDJ\u201d, prowadzi\u0142em ju\u017c w szkole podstawowej oraz \u015bredniej. W 1995 roku, kt\u00f3ry uznaj\u0119 za pocz\u0105tek bardziej zawodowego podej\u015bcia do pracy, poszed\u0142em do znanej szczeci\u0144skiej firmy zrzeszaj\u0105cej \u00f3wczesnych DJ-\u00f3w i powiedzia\u0142em, \u017ce tak\u017ce chc\u0119 nim zosta\u0107. <br \/><\/span><\/span><\/p>\t\t\t\t\t\t\t\t<\/div>\n\t\t\t\t<\/div>\n\t\t\t\t\t<\/div>\n\t\t<\/div>\n\t\t\t\t\t<\/div>\n\t\t<\/section>\n\t\t\t\t<section class=\"elementor-section elementor-top-section elementor-element elementor-element-71add9e elementor-section-boxed elementor-section-height-default elementor-section-height-default\" data-id=\"71add9e\" data-element_type=\"section\" data-settings=\"{&quot;background_background&quot;:&quot;classic&quot;}\">\n\t\t\t\t\t\t<div class=\"elementor-container elementor-column-gap-default\">\n\t\t\t\t\t<div class=\"elementor-column elementor-col-50 elementor-top-column elementor-element elementor-element-6a527ae4\" data-id=\"6a527ae4\" data-element_type=\"column\">\n\t\t\t<div class=\"elementor-widget-wrap elementor-element-populated\">\n\t\t\t\t\t\t<div class=\"elementor-element elementor-element-be3dd00 animated-fast elementor-invisible elementor-widget elementor-widget-text-editor\" data-id=\"be3dd00\" data-element_type=\"widget\" data-settings=\"{&quot;_animation&quot;:&quot;fadeInUp&quot;,&quot;_animation_delay&quot;:200}\" data-widget_type=\"text-editor.default\">\n\t\t\t\t<div class=\"elementor-widget-container\">\n\t\t\t\t\t\t\t\t\t<p><span style=\"font-family: Arial, sans-serif;\"><span lang=\"pl-PL\">Mia\u0142em szcz\u0119\u015bcie \u2013 takich ch\u0142opak\u00f3w jak ja pojawi\u0142o si\u0119 tam wi\u0119cej i stworzono grup\u0119 uczni\u00f3w, kt\u00f3rzy pod okiem starszyzny, uczyli si\u0119 tajnik\u00f3w tej pi\u0119knej profesji na gor\u0105co w \u00f3wczesnych szczeci\u0144skich klubach. Przez ten czas pozna\u0142em wiele os\u00f3b, kt\u00f3re bezpo\u015brednio lub po\u015brednio wp\u0142yn\u0119\u0142y na m\u00f3j muzyczny kurs, nauczy\u0142em si\u0119 korzysta\u0107 z mikrofonu oraz prowadzenia dobrej i klimatycznej imprezy. Pracuj\u0105c z r\u00f3\u017cnym nat\u0119\u017ceniem za konsolet\u0105, przygl\u0105daj\u0105c si\u0119 kolegom i s\u0142uchaj\u0105c set\u00f3w z klub\u00f3w, zarazi\u0142em si\u0119 trwale selekcj\u0105 i miksem, co kultywuj\u0119 i rozwijam do dnia dzisiejszego. W ostatnich latach ca\u0142kowicie przestawi\u0142em si\u0119 na gramofony i jest to ewidentnie tym, czego tyle lat szuka\u0142em na swojej DJ-skiej drodze.<\/span><\/span><\/p>\t\t\t\t\t\t\t\t<\/div>\n\t\t\t\t<\/div>\n\t\t\t\t\t<\/div>\n\t\t<\/div>\n\t\t\t\t<div class=\"elementor-column elementor-col-50 elementor-top-column elementor-element elementor-element-e20b191\" data-id=\"e20b191\" data-element_type=\"column\">\n\t\t\t<div class=\"elementor-widget-wrap elementor-element-populated\">\n\t\t\t\t\t\t<div class=\"elementor-element elementor-element-4568556 elementor-widget__width-initial elementor-widget elementor-widget-image\" data-id=\"4568556\" data-element_type=\"widget\" data-widget_type=\"image.default\">\n\t\t\t\t<div class=\"elementor-widget-container\">\n\t\t\t\t\t\t\t\t\t\t\t\t\t\t\t<img decoding=\"async\" width=\"1536\" height=\"1024\" src=\"https:\/\/djmarq.pl\/wp-content\/uploads\/2025\/04\/PF405841-1536x1024.jpg\" class=\"attachment-1536x1536 size-1536x1536 wp-image-480\" alt=\"\" srcset=\"https:\/\/djmarq.pl\/wp-content\/uploads\/2025\/04\/PF405841-1536x1024.jpg 1536w, https:\/\/djmarq.pl\/wp-content\/uploads\/2025\/04\/PF405841-300x200.jpg 300w, https:\/\/djmarq.pl\/wp-content\/uploads\/2025\/04\/PF405841-1024x683.jpg 1024w, https:\/\/djmarq.pl\/wp-content\/uploads\/2025\/04\/PF405841-768x512.jpg 768w, https:\/\/djmarq.pl\/wp-content\/uploads\/2025\/04\/PF405841-2048x1365.jpg 2048w\" sizes=\"(max-width: 1536px) 100vw, 1536px\" \/>\t\t\t\t\t\t\t\t\t\t\t\t\t\t\t<\/div>\n\t\t\t\t<\/div>\n\t\t\t\t\t<\/div>\n\t\t<\/div>\n\t\t\t\t\t<\/div>\n\t\t<\/section>\n\t\t\t\t<section class=\"elementor-section elementor-top-section elementor-element elementor-element-7545f680 elementor-section-boxed elementor-section-height-default elementor-section-height-default\" data-id=\"7545f680\" data-element_type=\"section\" data-settings=\"{&quot;background_background&quot;:&quot;classic&quot;}\">\n\t\t\t\t\t\t\t<div class=\"elementor-background-overlay\"><\/div>\n\t\t\t\t\t\t\t<div class=\"elementor-container elementor-column-gap-default\">\n\t\t\t\t\t<div class=\"elementor-column elementor-col-50 elementor-top-column elementor-element elementor-element-1dc4aff2\" data-id=\"1dc4aff2\" data-element_type=\"column\">\n\t\t\t<div class=\"elementor-widget-wrap elementor-element-populated\">\n\t\t\t\t\t\t<div class=\"elementor-element elementor-element-c853932 elementor-widget elementor-widget-image\" data-id=\"c853932\" data-element_type=\"widget\" data-widget_type=\"image.default\">\n\t\t\t\t<div class=\"elementor-widget-container\">\n\t\t\t\t\t\t\t\t\t\t\t\t\t\t\t<img decoding=\"async\" src=\"https:\/\/djmarq.pl\/wp-content\/uploads\/2025\/04\/PF405769-scaled.jpg\" title=\"PF405769\" alt=\"PF405769\" loading=\"lazy\" \/>\t\t\t\t\t\t\t\t\t\t\t\t\t\t\t<\/div>\n\t\t\t\t<\/div>\n\t\t\t\t\t<\/div>\n\t\t<\/div>\n\t\t\t\t<div class=\"elementor-column elementor-col-50 elementor-top-column elementor-element elementor-element-60f8e345\" data-id=\"60f8e345\" data-element_type=\"column\">\n\t\t\t<div class=\"elementor-widget-wrap elementor-element-populated\">\n\t\t\t\t\t\t<div class=\"elementor-element elementor-element-a18cae3 animated-fast elementor-invisible elementor-widget elementor-widget-text-editor\" data-id=\"a18cae3\" data-element_type=\"widget\" data-settings=\"{&quot;_animation&quot;:&quot;fadeInUp&quot;,&quot;_animation_delay&quot;:200}\" data-widget_type=\"text-editor.default\">\n\t\t\t\t<div class=\"elementor-widget-container\">\n\t\t\t\t\t\t\t\t\t<p class=\"western\"><span style=\"font-family: Arial, sans-serif;\">Czym si\u0119 wyr\u00f3\u017cniam?<\/span><\/p><ul><li><strong><span style=\"font-family: Arial, sans-serif;\">Selekcja muzyczna:<\/span><\/strong><span style=\"font-family: Arial, sans-serif;\"> Muzyka jest kluczowym elementem ka\u017cdej imprezy. Nie korzystam z przypadkowych playlist \u2013 dobieram starannie utwory, aby pasowa\u0142y do klimatu imprezy, preferencji Go\u015bci oraz etapu wydarzenia.<\/span><\/li><li><strong><span style=\"font-family: Arial, sans-serif;\">Miksowanie na \u017cywo:<\/span><\/strong><span style=\"font-family: Arial, sans-serif;\"> Wszystkie utwory miksuj\u0119 w czasie rzeczywistym, dzi\u0119ki czemu ka\u017cda impreza nabiera indywidualnego charakteru i p\u0142ynno\u015bci.<\/span><\/li><li><strong><span style=\"font-family: Arial, sans-serif;\">Profesjonalna konferansjerka:<\/span><\/strong><span style=\"font-family: Arial, sans-serif;\"> Jako prowadz\u0105cy dbam o kultur\u0119 s\u0142owa, atmosfer\u0119 oraz dobr\u0105 energi\u0119 na parkiecie. Ka\u017cda zapowied\u017a i interakcja z Go\u015b\u0107mi s\u0105 przemy\u015blane i dostosowane do charakteru wydarzenia.<\/span><\/li><li><strong><span style=\"font-family: Arial, sans-serif;\">Dyskrecja i elegancja:<\/span><\/strong><span style=\"font-family: Arial, sans-serif;\"> Nie narzucam si\u0119, ale zawsze jestem gotowy, aby poprowadzi\u0107 imprez\u0119 w spos\u00f3b dynamiczny i pe\u0142en klasy. Unikam niesmacznych zabaw czy konkurs\u00f3w, kt\u00f3re mog\u0142yby wprawi\u0107 Go\u015bci w zak\u0142opotanie.<\/span><\/li><li><strong><span style=\"font-family: Arial, sans-serif;\">Elastyczno\u015b\u0107:<\/span><\/strong><span style=\"font-family: Arial, sans-serif;\"> Ka\u017cda impreza \u017cyje w\u0142asnym rytmem, dlatego obserwuj\u0119 Go\u015bci i na bie\u017c\u0105co dostosowuj\u0119 repertuar oraz styl prowadzenia do atmosfery panuj\u0105cej na parkiecie.<\/span><\/li><li><strong><span style=\"font-family: Arial, sans-serif;\">Profesjonalizm:<\/span><\/strong><span style=\"font-family: Arial, sans-serif;\"> Podczas pracy nie pij\u0119 alkoholu, co pozwala mi zachowa\u0107 pe\u0142ne skupienie i kontrol\u0119 nad przebiegiem wydarzenia.<\/span><\/li><\/ul>\t\t\t\t\t\t\t\t<\/div>\n\t\t\t\t<\/div>\n\t\t\t\t\t<\/div>\n\t\t<\/div>\n\t\t\t\t\t<\/div>\n\t\t<\/section>\n\t\t\t\t<section class=\"elementor-section elementor-top-section elementor-element elementor-element-74ced63 elementor-reverse-mobile elementor-section-boxed elementor-section-height-default elementor-section-height-default\" data-id=\"74ced63\" data-element_type=\"section\" data-settings=\"{&quot;background_background&quot;:&quot;classic&quot;}\">\n\t\t\t\t\t\t<div class=\"elementor-container elementor-column-gap-default\">\n\t\t\t\t\t<div class=\"elementor-column elementor-col-50 elementor-top-column elementor-element elementor-element-7723a5b\" data-id=\"7723a5b\" data-element_type=\"column\">\n\t\t\t<div class=\"elementor-widget-wrap elementor-element-populated\">\n\t\t\t\t\t\t<div class=\"elementor-element elementor-element-9f27f04 animated-fast elementor-invisible elementor-widget elementor-widget-text-editor\" data-id=\"9f27f04\" data-element_type=\"widget\" data-settings=\"{&quot;_animation&quot;:&quot;fadeInUp&quot;,&quot;_animation_delay&quot;:200}\" data-widget_type=\"text-editor.default\">\n\t\t\t\t<div class=\"elementor-widget-container\">\n\t\t\t\t\t\t\t\t\t<p class=\"western\"><span style=\"font-family: Arial, sans-serif;\">Dlaczego warto mi zaufa\u0107?<\/span><\/p><p><span style=\"font-family: Arial, sans-serif;\">Muzyka jest uniwersalnym j\u0119zykiem emocji \u2013 odpowiednio dobrana potrafi podnie\u015b\u0107 na duchu, wzruszy\u0107, zjednoczy\u0107 ludzi na parkiecie i stworzy\u0107 wspomnienia na ca\u0142e \u017cycie. Moim celem jest dostarczenie Wam i Waszym Go\u015bciom w\u0142a\u015bnie takich chwil.<\/span><\/p><p><span style=\"font-family: Arial, sans-serif;\">Je\u015bli szukacie DJ-a, kt\u00f3ry:<\/span><\/p><ul><li><p><span style=\"font-family: Arial, sans-serif;\">Wk\u0142ada serce w swoj\u0105 prac\u0119,<\/span><\/p><\/li><li><p><span style=\"font-family: Arial, sans-serif;\">Stawia na wysok\u0105 jako\u015b\u0107 us\u0142ug,<\/span><\/p><\/li><li><p><span style=\"font-family: Arial, sans-serif;\">Dba o dobr\u0105 atmosfer\u0119 i profesjonalizm,<\/span><\/p><\/li><\/ul><p><span style=\"font-family: Arial, sans-serif;\">to zapraszam do kontaktu! Ch\u0119tnie porozmawiam o Waszych planach i pomog\u0119 stworzy\u0107 wydarzenie idealnie dopasowane do Waszych oczekiwa\u0144.<\/span><\/p>\t\t\t\t\t\t\t\t<\/div>\n\t\t\t\t<\/div>\n\t\t\t\t\t<\/div>\n\t\t<\/div>\n\t\t\t\t<div class=\"elementor-column elementor-col-50 elementor-top-column elementor-element elementor-element-f9b4128\" data-id=\"f9b4128\" data-element_type=\"column\">\n\t\t\t<div class=\"elementor-widget-wrap elementor-element-populated\">\n\t\t\t\t\t\t<div class=\"elementor-element elementor-element-b66c7a6 elementor-widget elementor-widget-image\" data-id=\"b66c7a6\" data-element_type=\"widget\" data-widget_type=\"image.default\">\n\t\t\t\t<div class=\"elementor-widget-container\">\n\t\t\t\t\t\t\t\t\t\t\t\t\t\t\t<img decoding=\"async\" width=\"1024\" height=\"992\" src=\"https:\/\/djmarq.pl\/wp-content\/uploads\/2025\/04\/NEJX3702-2-1024x992.jpg\" class=\"attachment-large size-large wp-image-552\" alt=\"\" srcset=\"https:\/\/djmarq.pl\/wp-content\/uploads\/2025\/04\/NEJX3702-2-1024x992.jpg 1024w, https:\/\/djmarq.pl\/wp-content\/uploads\/2025\/04\/NEJX3702-2-300x291.jpg 300w, https:\/\/djmarq.pl\/wp-content\/uploads\/2025\/04\/NEJX3702-2-768x744.jpg 768w, https:\/\/djmarq.pl\/wp-content\/uploads\/2025\/04\/NEJX3702-2.jpg 1514w\" sizes=\"(max-width: 1024px) 100vw, 1024px\" \/>\t\t\t\t\t\t\t\t\t\t\t\t\t\t\t<\/div>\n\t\t\t\t<\/div>\n\t\t\t\t\t<\/div>\n\t\t<\/div>\n\t\t\t\t\t<\/div>\n\t\t<\/section>\n\t\t\t\t<\/div>\n\t\t","protected":false},"excerpt":{"rendered":"<p>DJMARQ POZNAJ MNIE Muzyk\u0105 interesuj\u0119 si\u0119 od dziecka. Pierwsze dyskoteki jako \u201eDJ\u201d, prowadzi\u0142em ju\u017c w szkole podstawowej oraz \u015bredniej. W 1995 roku, kt\u00f3ry uznaj\u0119 za pocz\u0105tek bardziej zawodowego podej\u015bcia do pracy, poszed\u0142em do znanej szczeci\u0144skiej firmy zrzeszaj\u0105cej \u00f3wczesnych DJ-\u00f3w i powiedzia\u0142em, \u017ce tak\u017ce chc\u0119 nim zosta\u0107. Mia\u0142em szcz\u0119\u015bcie \u2013 takich ch\u0142opak\u00f3w jak ja pojawi\u0142o si\u0119 [&hellip;]<\/p>\n","protected":false},"author":1,"featured_media":0,"parent":0,"menu_order":0,"comment_status":"closed","ping_status":"closed","template":"","meta":{"footnotes":""},"class_list":["post-52","page","type-page","status-publish","hentry","entry"],"acf":[],"_links":{"self":[{"href":"https:\/\/djmarq.pl\/index.php?rest_route=\/wp\/v2\/pages\/52","targetHints":{"allow":["GET"]}}],"collection":[{"href":"https:\/\/djmarq.pl\/index.php?rest_route=\/wp\/v2\/pages"}],"about":[{"href":"https:\/\/djmarq.pl\/index.php?rest_route=\/wp\/v2\/types\/page"}],"author":[{"embeddable":true,"href":"https:\/\/djmarq.pl\/index.php?rest_route=\/wp\/v2\/users\/1"}],"replies":[{"embeddable":true,"href":"https:\/\/djmarq.pl\/index.php?rest_route=%2Fwp%2Fv2%2Fcomments&post=52"}],"version-history":[{"count":143,"href":"https:\/\/djmarq.pl\/index.php?rest_route=\/wp\/v2\/pages\/52\/revisions"}],"predecessor-version":[{"id":647,"href":"https:\/\/djmarq.pl\/index.php?rest_route=\/wp\/v2\/pages\/52\/revisions\/647"}],"wp:attachment":[{"href":"https:\/\/djmarq.pl\/index.php?rest_route=%2Fwp%2Fv2%2Fmedia&parent=52"}],"curies":[{"name":"wp","href":"https:\/\/api.w.org\/{rel}","templated":true}]}}