{"id":148,"date":"2022-04-25T22:42:49","date_gmt":"2022-04-25T22:42:49","guid":{"rendered":"https:\/\/djmarq.pl\/?page_id=148"},"modified":"2025-04-22T21:30:53","modified_gmt":"2025-04-22T21:30:53","slug":"sprzet","status":"publish","type":"page","link":"https:\/\/djmarq.pl\/?page_id=148","title":{"rendered":"Sprz\u0119t"},"content":{"rendered":"\t\t<div data-elementor-type=\"wp-page\" data-elementor-id=\"148\" class=\"elementor elementor-148\" data-elementor-post-type=\"page\">\n\t\t\t\t\t\t<section class=\"elementor-section elementor-top-section elementor-element elementor-element-5cf509f elementor-section-height-min-height elementor-section-boxed elementor-section-height-default elementor-section-items-middle\" data-id=\"5cf509f\" data-element_type=\"section\" data-settings=\"{&quot;background_background&quot;:&quot;classic&quot;,&quot;background_motion_fx_motion_fx_scrolling&quot;:&quot;yes&quot;,&quot;background_motion_fx_scale_effect&quot;:&quot;yes&quot;,&quot;background_motion_fx_scale_direction&quot;:&quot;in-out&quot;,&quot;background_motion_fx_scale_speed&quot;:{&quot;unit&quot;:&quot;px&quot;,&quot;size&quot;:2,&quot;sizes&quot;:[]},&quot;background_motion_fx_scale_range&quot;:{&quot;unit&quot;:&quot;%&quot;,&quot;size&quot;:&quot;&quot;,&quot;sizes&quot;:{&quot;start&quot;:20,&quot;end&quot;:80}},&quot;background_motion_fx_devices&quot;:[&quot;desktop&quot;,&quot;tablet&quot;,&quot;mobile&quot;]}\">\n\t\t\t\t\t\t\t<div class=\"elementor-background-overlay\"><\/div>\n\t\t\t\t\t\t\t<div class=\"elementor-container elementor-column-gap-default\">\n\t\t\t\t\t<div class=\"elementor-column elementor-col-50 elementor-top-column elementor-element elementor-element-96a1dce\" data-id=\"96a1dce\" data-element_type=\"column\">\n\t\t\t<div class=\"elementor-widget-wrap elementor-element-populated\">\n\t\t\t\t\t\t<div class=\"elementor-element elementor-element-67acb22 animated-fast elementor-widget__width-initial elementor-invisible elementor-widget elementor-widget-text-editor\" data-id=\"67acb22\" data-element_type=\"widget\" data-settings=\"{&quot;_animation&quot;:&quot;fadeInUp&quot;,&quot;_animation_delay&quot;:200}\" data-widget_type=\"text-editor.default\">\n\t\t\t\t<div class=\"elementor-widget-container\">\n\t\t\t\t\t\t\t\t\t<p class=\"\" data-start=\"234\" data-end=\"525\">Korzystam z nowoczesnego, stale udoskonalanego sprz\u0119tu nag\u0142o\u015bnieniowego i o\u015bwietleniowego renomowanych marek, kt\u00f3ry spe\u0142nia najwy\u017csze standardy bran\u017cowe. \u015aledz\u0119 najnowsze technologie i trendy, aby ka\u017cda impreza brzmia\u0142a i wygl\u0105da\u0142a perfekcyjnie \u2013 niezale\u017cnie od jej charakteru czy wielko\u015bci.<\/p><p class=\"\" data-start=\"527\" data-end=\"568\">W sk\u0142ad mojego wyposa\u017cenia wchodz\u0105 m.in.:<\/p><p class=\"\" data-start=\"570\" data-end=\"1333\">\ud83c\udfa7 <strong data-start=\"573\" data-end=\"605\">Autorskie stanowisko DJ-skie<\/strong> \u2013 nowoczesne i stylowe, przyci\u0105gaj\u0105ce uwag\u0119 go\u015bci<br data-start=\"655\" data-end=\"658\" \/>\ud83d\udd0a <strong data-start=\"661\" data-end=\"688\">Zestaw nag\u0142o\u015bnienia 2+2<\/strong> \u2013 pot\u0119\u017cne brzmienie i czysto\u015b\u0107 d\u017awi\u0119ku w ka\u017cdym miejscu sali<br data-start=\"749\" data-end=\"752\" \/>\ud83c\udf9a\ufe0f <strong data-start=\"756\" data-end=\"774\">Mikser cyfrowy<\/strong> \u2013 pe\u0142na kontrola nad jako\u015bci\u0105 d\u017awi\u0119ku<br data-start=\"812\" data-end=\"815\" \/>\ud83c\udfa4 <strong data-start=\"818\" data-end=\"858\" data-is-only-node=\"\">Mikrofony przewodowe i bezprzewodowe<\/strong> \u2013 niezawodne rozwi\u0105zania do prowadzenia imprezy i przem\u00f3wie\u0144<br data-start=\"919\" data-end=\"922\" \/>\ud83c\udf9b\ufe0f <strong data-start=\"926\" data-end=\"996\">Kontroler DJ, gramofony oraz profesjonalny mikser turntablistyczny<\/strong> \u2013 klasyczne podej\u015bcie i nowoczesna precyzja w miksowaniu<br data-start=\"1053\" data-end=\"1056\" \/>\ud83d\udcbb <strong data-start=\"1059\" data-end=\"1091\">System Serato DJ Pro + Phase<\/strong> \u2013 zaawansowane oprogramowanie i precyzyjna kontrola nad muzyk\u0105<br data-start=\"1154\" data-end=\"1157\" \/>\ud83d\udca1 <strong data-start=\"1160\" data-end=\"1183\">O\u015bwietlenie DMX 512<\/strong> \u2013 inteligentne sterowanie efektami \u015bwietlnymi:<br data-start=\"1230\" data-end=\"1233\" \/>\u2022 ruchome g\u0142owy<br data-start=\"1248\" data-end=\"1251\" \/>\u2022 LED PAR-y i LED BAR-y<br data-start=\"1305\" data-end=\"1308\" \/>\u2022 wytwornice dymu i hazer oraz inne \ud83d\ude09<\/p><p class=\"\" data-start=\"1335\" data-end=\"1481\">Dzi\u0119ki takiemu zapleczu technicznemu mog\u0119 zapewni\u0107 nie tylko \u015bwietny klimat i brzmienie, ale te\u017c estetyk\u0119 i profesjonalizm na najwy\u017cszym poziomie.<\/p>\t\t\t\t\t\t\t\t<\/div>\n\t\t\t\t<\/div>\n\t\t\t\t\t<\/div>\n\t\t<\/div>\n\t\t\t\t<div class=\"elementor-column elementor-col-50 elementor-top-column elementor-element elementor-element-c7d02c8 elementor-hidden-tablet elementor-hidden-phone\" data-id=\"c7d02c8\" data-element_type=\"column\">\n\t\t\t<div class=\"elementor-widget-wrap elementor-element-populated\">\n\t\t\t\t\t\t<div class=\"elementor-element elementor-element-9220328 elementor-widget elementor-widget-gallery\" data-id=\"9220328\" data-element_type=\"widget\" data-settings=\"{&quot;columns&quot;:2,&quot;aspect_ratio&quot;:&quot;1:1&quot;,&quot;lazyload&quot;:&quot;yes&quot;,&quot;gallery_layout&quot;:&quot;grid&quot;,&quot;columns_tablet&quot;:2,&quot;columns_mobile&quot;:1,&quot;gap&quot;:{&quot;unit&quot;:&quot;px&quot;,&quot;size&quot;:10,&quot;sizes&quot;:[]},&quot;gap_tablet&quot;:{&quot;unit&quot;:&quot;px&quot;,&quot;size&quot;:10,&quot;sizes&quot;:[]},&quot;gap_mobile&quot;:{&quot;unit&quot;:&quot;px&quot;,&quot;size&quot;:10,&quot;sizes&quot;:[]},&quot;link_to&quot;:&quot;file&quot;,&quot;overlay_background&quot;:&quot;yes&quot;,&quot;content_hover_animation&quot;:&quot;fade-in&quot;}\" data-widget_type=\"gallery.default\">\n\t\t\t\t<div class=\"elementor-widget-container\">\n\t\t\t\t\t\t\t<div class=\"elementor-gallery__container\">\n\t\t\t\t\t\t\t<a class=\"e-gallery-item elementor-gallery-item elementor-animated-content\" href=\"https:\/\/djmarq.pl\/wp-content\/uploads\/2022\/04\/SPRZET-2-scaled.jpg\" data-elementor-open-lightbox=\"yes\" data-elementor-lightbox-slideshow=\"9220328\" data-elementor-lightbox-title=\"SPRZ\u0118T 2\" data-e-action-hash=\"#elementor-action%3Aaction%3Dlightbox%26settings%3DeyJpZCI6MzAzLCJ1cmwiOiJodHRwczpcL1wvZGptYXJxLnBsXC93cC1jb250ZW50XC91cGxvYWRzXC8yMDIyXC8wNFwvU1BSWkVULTItc2NhbGVkLmpwZyIsInNsaWRlc2hvdyI6IjkyMjAzMjgifQ%3D%3D\">\n\t\t\t\t\t<div class=\"e-gallery-image elementor-gallery-item__image\" data-thumbnail=\"https:\/\/djmarq.pl\/wp-content\/uploads\/2022\/04\/SPRZET-2-300x225.jpg\" data-width=\"300\" data-height=\"225\" aria-label=\"\" role=\"img\" ><\/div>\n\t\t\t\t\t\t\t\t\t\t\t<div class=\"elementor-gallery-item__overlay\"><\/div>\n\t\t\t\t\t\t\t\t\t\t\t\t\t\t<\/a>\n\t\t\t\t\t\t\t<a class=\"e-gallery-item elementor-gallery-item elementor-animated-content\" href=\"https:\/\/djmarq.pl\/wp-content\/uploads\/2022\/04\/SPRZET-1-scaled.jpg\" data-elementor-open-lightbox=\"yes\" data-elementor-lightbox-slideshow=\"9220328\" data-elementor-lightbox-title=\"SPRZ\u0118T 1\" data-e-action-hash=\"#elementor-action%3Aaction%3Dlightbox%26settings%3DeyJpZCI6MzAyLCJ1cmwiOiJodHRwczpcL1wvZGptYXJxLnBsXC93cC1jb250ZW50XC91cGxvYWRzXC8yMDIyXC8wNFwvU1BSWkVULTEtc2NhbGVkLmpwZyIsInNsaWRlc2hvdyI6IjkyMjAzMjgifQ%3D%3D\">\n\t\t\t\t\t<div class=\"e-gallery-image elementor-gallery-item__image\" data-thumbnail=\"https:\/\/djmarq.pl\/wp-content\/uploads\/2022\/04\/SPRZET-1-300x225.jpg\" data-width=\"300\" data-height=\"225\" aria-label=\"\" role=\"img\" ><\/div>\n\t\t\t\t\t\t\t\t\t\t\t<div class=\"elementor-gallery-item__overlay\"><\/div>\n\t\t\t\t\t\t\t\t\t\t\t\t\t\t<\/a>\n\t\t\t\t\t\t\t<a class=\"e-gallery-item elementor-gallery-item elementor-animated-content\" href=\"https:\/\/djmarq.pl\/wp-content\/uploads\/2022\/04\/SPRZET-TLO-2-scaled.jpg\" data-elementor-open-lightbox=\"yes\" data-elementor-lightbox-slideshow=\"9220328\" data-elementor-lightbox-title=\"SPRZ\u0118T - T\u0141O 2\" data-e-action-hash=\"#elementor-action%3Aaction%3Dlightbox%26settings%3DeyJpZCI6MzAwLCJ1cmwiOiJodHRwczpcL1wvZGptYXJxLnBsXC93cC1jb250ZW50XC91cGxvYWRzXC8yMDIyXC8wNFwvU1BSWkVULVRMTy0yLXNjYWxlZC5qcGciLCJzbGlkZXNob3ciOiI5MjIwMzI4In0%3D\">\n\t\t\t\t\t<div class=\"e-gallery-image elementor-gallery-item__image\" data-thumbnail=\"https:\/\/djmarq.pl\/wp-content\/uploads\/2022\/04\/SPRZET-TLO-2-300x169.jpg\" data-width=\"300\" data-height=\"169\" aria-label=\"\" role=\"img\" ><\/div>\n\t\t\t\t\t\t\t\t\t\t\t<div class=\"elementor-gallery-item__overlay\"><\/div>\n\t\t\t\t\t\t\t\t\t\t\t\t\t\t<\/a>\n\t\t\t\t\t<\/div>\n\t\t\t\t\t<\/div>\n\t\t\t\t<\/div>\n\t\t\t\t\t<\/div>\n\t\t<\/div>\n\t\t\t\t\t<\/div>\n\t\t<\/section>\n\t\t\t\t<\/div>\n\t\t","protected":false},"excerpt":{"rendered":"<p>Korzystam z nowoczesnego, stale udoskonalanego sprz\u0119tu nag\u0142o\u015bnieniowego i o\u015bwietleniowego renomowanych marek, kt\u00f3ry spe\u0142nia najwy\u017csze standardy bran\u017cowe. \u015aledz\u0119 najnowsze technologie i trendy, aby ka\u017cda impreza brzmia\u0142a i wygl\u0105da\u0142a perfekcyjnie \u2013 niezale\u017cnie od jej charakteru czy wielko\u015bci. W sk\u0142ad mojego wyposa\u017cenia wchodz\u0105 m.in.: &#x1f3a7; Autorskie stanowisko DJ-skie \u2013 nowoczesne i stylowe, przyci\u0105gaj\u0105ce uwag\u0119 go\u015bci&#x1f50a; Zestaw nag\u0142o\u015bnienia 2+2 [&hellip;]<\/p>\n","protected":false},"author":1,"featured_media":0,"parent":0,"menu_order":0,"comment_status":"closed","ping_status":"closed","template":"","meta":{"footnotes":""},"class_list":["post-148","page","type-page","status-publish","hentry","entry"],"acf":[],"_links":{"self":[{"href":"https:\/\/djmarq.pl\/index.php?rest_route=\/wp\/v2\/pages\/148","targetHints":{"allow":["GET"]}}],"collection":[{"href":"https:\/\/djmarq.pl\/index.php?rest_route=\/wp\/v2\/pages"}],"about":[{"href":"https:\/\/djmarq.pl\/index.php?rest_route=\/wp\/v2\/types\/page"}],"author":[{"embeddable":true,"href":"https:\/\/djmarq.pl\/index.php?rest_route=\/wp\/v2\/users\/1"}],"replies":[{"embeddable":true,"href":"https:\/\/djmarq.pl\/index.php?rest_route=%2Fwp%2Fv2%2Fcomments&post=148"}],"version-history":[{"count":34,"href":"https:\/\/djmarq.pl\/index.php?rest_route=\/wp\/v2\/pages\/148\/revisions"}],"predecessor-version":[{"id":657,"href":"https:\/\/djmarq.pl\/index.php?rest_route=\/wp\/v2\/pages\/148\/revisions\/657"}],"wp:attachment":[{"href":"https:\/\/djmarq.pl\/index.php?rest_route=%2Fwp%2Fv2%2Fmedia&parent=148"}],"curies":[{"name":"wp","href":"https:\/\/api.w.org\/{rel}","templated":true}]}}