{"id":140,"date":"2022-04-25T22:41:48","date_gmt":"2022-04-25T22:41:48","guid":{"rendered":"https:\/\/djmarq.pl\/?page_id=140"},"modified":"2025-04-22T21:43:31","modified_gmt":"2025-04-22T21:43:31","slug":"imprezy-okolicznosciowe-firmowe","status":"publish","type":"page","link":"https:\/\/djmarq.pl\/?page_id=140","title":{"rendered":"Imprezy okoliczno\u015bciowe"},"content":{"rendered":"\t\t<div data-elementor-type=\"wp-page\" data-elementor-id=\"140\" class=\"elementor elementor-140\" data-elementor-post-type=\"page\">\n\t\t\t\t\t\t<section class=\"elementor-section elementor-top-section elementor-element elementor-element-845fb95 elementor-section-height-min-height elementor-section-boxed elementor-section-height-default elementor-section-items-middle\" data-id=\"845fb95\" data-element_type=\"section\" data-settings=\"{&quot;background_background&quot;:&quot;classic&quot;,&quot;background_motion_fx_motion_fx_scrolling&quot;:&quot;yes&quot;,&quot;background_motion_fx_scale_effect&quot;:&quot;yes&quot;,&quot;background_motion_fx_scale_direction&quot;:&quot;in-out&quot;,&quot;background_motion_fx_scale_speed&quot;:{&quot;unit&quot;:&quot;px&quot;,&quot;size&quot;:2,&quot;sizes&quot;:[]},&quot;background_motion_fx_scale_range&quot;:{&quot;unit&quot;:&quot;%&quot;,&quot;size&quot;:&quot;&quot;,&quot;sizes&quot;:{&quot;start&quot;:20,&quot;end&quot;:80}},&quot;background_motion_fx_devices&quot;:[&quot;desktop&quot;,&quot;tablet&quot;,&quot;mobile&quot;]}\">\n\t\t\t\t\t\t\t<div class=\"elementor-background-overlay\"><\/div>\n\t\t\t\t\t\t\t<div class=\"elementor-container elementor-column-gap-default\">\n\t\t\t\t\t<div class=\"elementor-column elementor-col-50 elementor-top-column elementor-element elementor-element-3a32ceb\" data-id=\"3a32ceb\" data-element_type=\"column\">\n\t\t\t<div class=\"elementor-widget-wrap elementor-element-populated\">\n\t\t\t\t\t\t<div class=\"elementor-element elementor-element-af041c3 animated-fast elementor-invisible elementor-widget elementor-widget-text-editor\" data-id=\"af041c3\" data-element_type=\"widget\" data-settings=\"{&quot;_animation&quot;:&quot;fadeInUp&quot;,&quot;_animation_delay&quot;:200}\" data-widget_type=\"text-editor.default\">\n\t\t\t\t<div class=\"elementor-widget-container\">\n\t\t\t\t\t\t\t\t\t<p class=\"\" data-start=\"345\" data-end=\"547\">Organizujesz 30-tk\u0119, 40-tk\u0119, 50-tk\u0119, jubileusz czy garden party? Z przyjemno\u015bci\u0105 zadbam o opraw\u0119 muzyczn\u0105 i prowadzenie Twojej imprezy \u2013 tak, aby ka\u017cdy go\u015b\u0107 dobrze si\u0119 bawi\u0142 i d\u0142ugo wspomina\u0142 ten dzie\u0144.<\/p><p class=\"\" data-start=\"549\" data-end=\"903\">Ka\u017cde wydarzenie traktuj\u0119 indywidualnie \u2013 szczeg\u00f3\u0142owo omawiam z Klientami przebieg imprezy, doradzam w doborze muzyki i przygotowuj\u0119 scenariusz dopasowany do charakteru go\u015bci i miejsca. K\u0142ad\u0119 du\u017cy nacisk na selekcj\u0119 repertuaru, dobr\u0105 konferansjerk\u0119 i kultur\u0119 s\u0142owa. Tworz\u0119 atmosfer\u0119, w kt\u00f3rej ka\u017cdy czuje si\u0119 swobodnie i naturalnie wchodzi w rytm zabawy.<\/p><p class=\"\" data-start=\"905\" data-end=\"967\">Pracuj\u0119 z sercem i z klas\u0105 \u2013 i nigdy nie z kieliszkiem w r\u0119ku. \ud83d\ude09<\/p>\t\t\t\t\t\t\t\t<\/div>\n\t\t\t\t<\/div>\n\t\t\t\t\t<\/div>\n\t\t<\/div>\n\t\t\t\t<div class=\"elementor-column elementor-col-50 elementor-top-column elementor-element elementor-element-3732e90 elementor-hidden-tablet elementor-hidden-phone\" data-id=\"3732e90\" data-element_type=\"column\">\n\t\t\t<div class=\"elementor-widget-wrap\">\n\t\t\t\t\t\t\t<\/div>\n\t\t<\/div>\n\t\t\t\t\t<\/div>\n\t\t<\/section>\n\t\t\t\t<\/div>\n\t\t","protected":false},"excerpt":{"rendered":"<p>Organizujesz 30-tk\u0119, 40-tk\u0119, 50-tk\u0119, jubileusz czy garden party? Z przyjemno\u015bci\u0105 zadbam o opraw\u0119 muzyczn\u0105 i prowadzenie Twojej imprezy \u2013 tak, aby ka\u017cdy go\u015b\u0107 dobrze si\u0119 bawi\u0142 i d\u0142ugo wspomina\u0142 ten dzie\u0144. Ka\u017cde wydarzenie traktuj\u0119 indywidualnie \u2013 szczeg\u00f3\u0142owo omawiam z Klientami przebieg imprezy, doradzam w doborze muzyki i przygotowuj\u0119 scenariusz dopasowany do charakteru go\u015bci i miejsca. [&hellip;]<\/p>\n","protected":false},"author":1,"featured_media":0,"parent":0,"menu_order":0,"comment_status":"closed","ping_status":"closed","template":"","meta":{"footnotes":""},"class_list":["post-140","page","type-page","status-publish","hentry","entry"],"acf":[],"_links":{"self":[{"href":"https:\/\/djmarq.pl\/index.php?rest_route=\/wp\/v2\/pages\/140","targetHints":{"allow":["GET"]}}],"collection":[{"href":"https:\/\/djmarq.pl\/index.php?rest_route=\/wp\/v2\/pages"}],"about":[{"href":"https:\/\/djmarq.pl\/index.php?rest_route=\/wp\/v2\/types\/page"}],"author":[{"embeddable":true,"href":"https:\/\/djmarq.pl\/index.php?rest_route=\/wp\/v2\/users\/1"}],"replies":[{"embeddable":true,"href":"https:\/\/djmarq.pl\/index.php?rest_route=%2Fwp%2Fv2%2Fcomments&post=140"}],"version-history":[{"count":20,"href":"https:\/\/djmarq.pl\/index.php?rest_route=\/wp\/v2\/pages\/140\/revisions"}],"predecessor-version":[{"id":672,"href":"https:\/\/djmarq.pl\/index.php?rest_route=\/wp\/v2\/pages\/140\/revisions\/672"}],"wp:attachment":[{"href":"https:\/\/djmarq.pl\/index.php?rest_route=%2Fwp%2Fv2%2Fmedia&parent=140"}],"curies":[{"name":"wp","href":"https:\/\/api.w.org\/{rel}","templated":true}]}}