{"id":113,"date":"2022-04-25T22:35:20","date_gmt":"2022-04-25T22:35:20","guid":{"rendered":"https:\/\/djmarq.pl\/?page_id=113"},"modified":"2025-04-22T22:33:30","modified_gmt":"2025-04-22T22:33:30","slug":"wesela-i-poprawiny","status":"publish","type":"page","link":"https:\/\/djmarq.pl\/?page_id=113","title":{"rendered":"Wesela i poprawiny"},"content":{"rendered":"\t\t<div data-elementor-type=\"wp-page\" data-elementor-id=\"113\" class=\"elementor elementor-113\" data-elementor-post-type=\"page\">\n\t\t\t\t\t\t<section class=\"elementor-section elementor-top-section elementor-element elementor-element-845fb95 elementor-section-height-min-height elementor-section-boxed elementor-section-height-default elementor-section-items-middle\" data-id=\"845fb95\" data-element_type=\"section\" data-settings=\"{&quot;background_background&quot;:&quot;classic&quot;,&quot;background_motion_fx_motion_fx_scrolling&quot;:&quot;yes&quot;,&quot;background_motion_fx_scale_effect&quot;:&quot;yes&quot;,&quot;background_motion_fx_scale_direction&quot;:&quot;in-out&quot;,&quot;background_motion_fx_scale_speed&quot;:{&quot;unit&quot;:&quot;px&quot;,&quot;size&quot;:2,&quot;sizes&quot;:[]},&quot;background_motion_fx_scale_range&quot;:{&quot;unit&quot;:&quot;%&quot;,&quot;size&quot;:&quot;&quot;,&quot;sizes&quot;:{&quot;start&quot;:20,&quot;end&quot;:80}},&quot;background_motion_fx_devices&quot;:[&quot;desktop&quot;,&quot;tablet&quot;,&quot;mobile&quot;]}\">\n\t\t\t\t\t\t\t<div class=\"elementor-background-overlay\"><\/div>\n\t\t\t\t\t\t\t<div class=\"elementor-container elementor-column-gap-default\">\n\t\t\t\t\t<div class=\"elementor-column elementor-col-50 elementor-top-column elementor-element elementor-element-3a32ceb\" data-id=\"3a32ceb\" data-element_type=\"column\">\n\t\t\t<div class=\"elementor-widget-wrap elementor-element-populated\">\n\t\t\t\t\t\t<div class=\"elementor-element elementor-element-af041c3 animated-fast elementor-invisible elementor-widget elementor-widget-text-editor\" data-id=\"af041c3\" data-element_type=\"widget\" data-settings=\"{&quot;_animation&quot;:&quot;fadeInUp&quot;,&quot;_animation_delay&quot;:200}\" data-widget_type=\"text-editor.default\">\n\t\t\t\t<div class=\"elementor-widget-container\">\n\t\t\t\t\t\t\t\t\t<p class=\"\" data-start=\"223\" data-end=\"436\">Wesele to jeden z najwa\u017cniejszych dni w \u017cyciu \u2013 dlatego jego oprawa muzyczna musi by\u0107 wyj\u0105tkowa. Od lat specjalizuj\u0119 si\u0119 w prowadzeniu wesel i poprawin, wk\u0142adaj\u0105c w nie ca\u0142e serce, do\u015bwiadczenie i wyczucie chwili.<\/p><p class=\"\" data-start=\"438\" data-end=\"685\">Wsp\u00f3\u0142prac\u0119 z Par\u0105 M\u0142od\u0105 zaczynam od minimum dw\u00f3ch spotka\u0144, podczas kt\u00f3rych wsp\u00f3lnie planujemy przebieg uroczysto\u015bci:<br data-start=\"554\" data-end=\"557\" \/>\ud83c\udfb5 dob\u00f3r repertuaru,<br data-start=\"577\" data-end=\"580\" \/>\ud83c\udfa4 styl prowadzenia,<br data-start=\"600\" data-end=\"603\" \/>\ud83c\udf89 zabawy, animacje i momenty specjalne \u2013 jak pierwszy taniec czy wej\u015bcie na sal\u0119.<\/p><p class=\"\" data-start=\"687\" data-end=\"905\">Dzi\u0119ki temu poznaj\u0119 Wasze oczekiwania, gust muzyczny i energi\u0119, kt\u00f3r\u0105 chcecie przekaza\u0107 swoim Go\u015bciom. Z kolei Wy zyskujecie pewno\u015b\u0107, \u017ce wszystko b\u0119dzie dopi\u0119te na ostatni guzik \u2013 od pierwszej nuty do ostatniego ta\u0144ca.<\/p><p class=\"\" data-start=\"907\" data-end=\"1052\">Wesele to nie tylko impreza \u2013 to opowie\u015b\u0107. Moim zadaniem jest zadba\u0107, aby jej rytm, tempo i klimat by\u0142y dok\u0142adnie takie, jak sobie wymarzyli\u015bcie.<\/p>\t\t\t\t\t\t\t\t<\/div>\n\t\t\t\t<\/div>\n\t\t\t\t\t<\/div>\n\t\t<\/div>\n\t\t\t\t<div class=\"elementor-column elementor-col-50 elementor-top-column elementor-element elementor-element-3732e90 elementor-hidden-tablet elementor-hidden-phone\" data-id=\"3732e90\" data-element_type=\"column\">\n\t\t\t<div class=\"elementor-widget-wrap elementor-element-populated\">\n\t\t\t\t\t\t<div class=\"elementor-element elementor-element-c9946b0 elementor-widget__width-initial elementor-widget elementor-widget-gallery\" data-id=\"c9946b0\" data-element_type=\"widget\" data-settings=\"{&quot;columns&quot;:3,&quot;aspect_ratio&quot;:&quot;1:1&quot;,&quot;lazyload&quot;:&quot;yes&quot;,&quot;gallery_layout&quot;:&quot;grid&quot;,&quot;columns_tablet&quot;:2,&quot;columns_mobile&quot;:1,&quot;gap&quot;:{&quot;unit&quot;:&quot;px&quot;,&quot;size&quot;:10,&quot;sizes&quot;:[]},&quot;gap_tablet&quot;:{&quot;unit&quot;:&quot;px&quot;,&quot;size&quot;:10,&quot;sizes&quot;:[]},&quot;gap_mobile&quot;:{&quot;unit&quot;:&quot;px&quot;,&quot;size&quot;:10,&quot;sizes&quot;:[]},&quot;link_to&quot;:&quot;file&quot;,&quot;overlay_background&quot;:&quot;yes&quot;,&quot;content_hover_animation&quot;:&quot;fade-in&quot;}\" data-widget_type=\"gallery.default\">\n\t\t\t\t<div class=\"elementor-widget-container\">\n\t\t\t\t\t\t\t<div class=\"elementor-gallery__container\">\n\t\t\t\t\t\t\t<a class=\"e-gallery-item elementor-gallery-item elementor-animated-content\" href=\"https:\/\/djmarq.pl\/wp-content\/uploads\/2025\/04\/IMG-20250423-WA0001.jpg\" data-elementor-open-lightbox=\"yes\" data-elementor-lightbox-slideshow=\"c9946b0\" data-elementor-lightbox-title=\"IMG-20250423-WA0001\" data-e-action-hash=\"#elementor-action%3Aaction%3Dlightbox%26settings%3DeyJpZCI6NzAxLCJ1cmwiOiJodHRwczpcL1wvZGptYXJxLnBsXC93cC1jb250ZW50XC91cGxvYWRzXC8yMDI1XC8wNFwvSU1HLTIwMjUwNDIzLVdBMDAwMS5qcGciLCJzbGlkZXNob3ciOiJjOTk0NmIwIn0%3D\">\n\t\t\t\t\t<div class=\"e-gallery-image elementor-gallery-item__image\" data-thumbnail=\"https:\/\/djmarq.pl\/wp-content\/uploads\/2025\/04\/IMG-20250423-WA0001.jpg\" data-width=\"1362\" data-height=\"2048\" aria-label=\"\" role=\"img\" ><\/div>\n\t\t\t\t\t\t\t\t\t\t\t<div class=\"elementor-gallery-item__overlay\"><\/div>\n\t\t\t\t\t\t\t\t\t\t\t\t\t\t<\/a>\n\t\t\t\t\t\t\t<a class=\"e-gallery-item elementor-gallery-item elementor-animated-content\" href=\"https:\/\/djmarq.pl\/wp-content\/uploads\/2025\/04\/IMG-20250423-WA0003.jpg\" data-elementor-open-lightbox=\"yes\" data-elementor-lightbox-slideshow=\"c9946b0\" data-elementor-lightbox-title=\"IMG-20250423-WA0003\" data-e-action-hash=\"#elementor-action%3Aaction%3Dlightbox%26settings%3DeyJpZCI6NzAzLCJ1cmwiOiJodHRwczpcL1wvZGptYXJxLnBsXC93cC1jb250ZW50XC91cGxvYWRzXC8yMDI1XC8wNFwvSU1HLTIwMjUwNDIzLVdBMDAwMy5qcGciLCJzbGlkZXNob3ciOiJjOTk0NmIwIn0%3D\">\n\t\t\t\t\t<div class=\"e-gallery-image elementor-gallery-item__image\" data-thumbnail=\"https:\/\/djmarq.pl\/wp-content\/uploads\/2025\/04\/IMG-20250423-WA0003.jpg\" data-width=\"2048\" data-height=\"1362\" aria-label=\"\" role=\"img\" ><\/div>\n\t\t\t\t\t\t\t\t\t\t\t<div class=\"elementor-gallery-item__overlay\"><\/div>\n\t\t\t\t\t\t\t\t\t\t\t\t\t\t<\/a>\n\t\t\t\t\t\t\t<a class=\"e-gallery-item elementor-gallery-item elementor-animated-content\" href=\"https:\/\/djmarq.pl\/wp-content\/uploads\/2025\/04\/IMG-20250423-WA0004.jpg\" data-elementor-open-lightbox=\"yes\" data-elementor-lightbox-slideshow=\"c9946b0\" data-elementor-lightbox-title=\"IMG-20250423-WA0004\" data-e-action-hash=\"#elementor-action%3Aaction%3Dlightbox%26settings%3DeyJpZCI6NzA0LCJ1cmwiOiJodHRwczpcL1wvZGptYXJxLnBsXC93cC1jb250ZW50XC91cGxvYWRzXC8yMDI1XC8wNFwvSU1HLTIwMjUwNDIzLVdBMDAwNC5qcGciLCJzbGlkZXNob3ciOiJjOTk0NmIwIn0%3D\">\n\t\t\t\t\t<div class=\"e-gallery-image elementor-gallery-item__image\" data-thumbnail=\"https:\/\/djmarq.pl\/wp-content\/uploads\/2025\/04\/IMG-20250423-WA0004.jpg\" data-width=\"2048\" data-height=\"1365\" aria-label=\"\" role=\"img\" ><\/div>\n\t\t\t\t\t\t\t\t\t\t\t<div class=\"elementor-gallery-item__overlay\"><\/div>\n\t\t\t\t\t\t\t\t\t\t\t\t\t\t<\/a>\n\t\t\t\t\t\t\t<a class=\"e-gallery-item elementor-gallery-item elementor-animated-content\" href=\"https:\/\/djmarq.pl\/wp-content\/uploads\/2025\/04\/IMG-20250423-WA0006.jpg\" data-elementor-open-lightbox=\"yes\" data-elementor-lightbox-slideshow=\"c9946b0\" data-elementor-lightbox-title=\"IMG-20250423-WA0006\" data-e-action-hash=\"#elementor-action%3Aaction%3Dlightbox%26settings%3DeyJpZCI6NzA2LCJ1cmwiOiJodHRwczpcL1wvZGptYXJxLnBsXC93cC1jb250ZW50XC91cGxvYWRzXC8yMDI1XC8wNFwvSU1HLTIwMjUwNDIzLVdBMDAwNi5qcGciLCJzbGlkZXNob3ciOiJjOTk0NmIwIn0%3D\">\n\t\t\t\t\t<div class=\"e-gallery-image elementor-gallery-item__image\" data-thumbnail=\"https:\/\/djmarq.pl\/wp-content\/uploads\/2025\/04\/IMG-20250423-WA0006.jpg\" data-width=\"2048\" data-height=\"1362\" aria-label=\"\" role=\"img\" ><\/div>\n\t\t\t\t\t\t\t\t\t\t\t<div class=\"elementor-gallery-item__overlay\"><\/div>\n\t\t\t\t\t\t\t\t\t\t\t\t\t\t<\/a>\n\t\t\t\t\t\t\t<a class=\"e-gallery-item elementor-gallery-item elementor-animated-content\" href=\"https:\/\/djmarq.pl\/wp-content\/uploads\/2025\/04\/IMG-20250423-WA0007.jpg\" data-elementor-open-lightbox=\"yes\" data-elementor-lightbox-slideshow=\"c9946b0\" data-elementor-lightbox-title=\"IMG-20250423-WA0007\" data-e-action-hash=\"#elementor-action%3Aaction%3Dlightbox%26settings%3DeyJpZCI6NzA3LCJ1cmwiOiJodHRwczpcL1wvZGptYXJxLnBsXC93cC1jb250ZW50XC91cGxvYWRzXC8yMDI1XC8wNFwvSU1HLTIwMjUwNDIzLVdBMDAwNy5qcGciLCJzbGlkZXNob3ciOiJjOTk0NmIwIn0%3D\">\n\t\t\t\t\t<div class=\"e-gallery-image elementor-gallery-item__image\" data-thumbnail=\"https:\/\/djmarq.pl\/wp-content\/uploads\/2025\/04\/IMG-20250423-WA0007.jpg\" data-width=\"1362\" data-height=\"2048\" aria-label=\"\" role=\"img\" ><\/div>\n\t\t\t\t\t\t\t\t\t\t\t<div class=\"elementor-gallery-item__overlay\"><\/div>\n\t\t\t\t\t\t\t\t\t\t\t\t\t\t<\/a>\n\t\t\t\t\t\t\t<a class=\"e-gallery-item elementor-gallery-item elementor-animated-content\" href=\"https:\/\/djmarq.pl\/wp-content\/uploads\/2025\/04\/IMG-20250423-WA0009.jpg\" data-elementor-open-lightbox=\"yes\" data-elementor-lightbox-slideshow=\"c9946b0\" data-elementor-lightbox-title=\"IMG-20250423-WA0009\" data-e-action-hash=\"#elementor-action%3Aaction%3Dlightbox%26settings%3DeyJpZCI6NzA5LCJ1cmwiOiJodHRwczpcL1wvZGptYXJxLnBsXC93cC1jb250ZW50XC91cGxvYWRzXC8yMDI1XC8wNFwvSU1HLTIwMjUwNDIzLVdBMDAwOS5qcGciLCJzbGlkZXNob3ciOiJjOTk0NmIwIn0%3D\">\n\t\t\t\t\t<div class=\"e-gallery-image elementor-gallery-item__image\" data-thumbnail=\"https:\/\/djmarq.pl\/wp-content\/uploads\/2025\/04\/IMG-20250423-WA0009.jpg\" data-width=\"2048\" data-height=\"1362\" aria-label=\"\" role=\"img\" ><\/div>\n\t\t\t\t\t\t\t\t\t\t\t<div class=\"elementor-gallery-item__overlay\"><\/div>\n\t\t\t\t\t\t\t\t\t\t\t\t\t\t<\/a>\n\t\t\t\t\t\t\t<a class=\"e-gallery-item elementor-gallery-item elementor-animated-content\" href=\"https:\/\/djmarq.pl\/wp-content\/uploads\/2025\/04\/IMG-20250423-WA0010.jpg\" data-elementor-open-lightbox=\"yes\" data-elementor-lightbox-slideshow=\"c9946b0\" data-elementor-lightbox-title=\"IMG-20250423-WA0010\" data-e-action-hash=\"#elementor-action%3Aaction%3Dlightbox%26settings%3DeyJpZCI6NzEwLCJ1cmwiOiJodHRwczpcL1wvZGptYXJxLnBsXC93cC1jb250ZW50XC91cGxvYWRzXC8yMDI1XC8wNFwvSU1HLTIwMjUwNDIzLVdBMDAxMC5qcGciLCJzbGlkZXNob3ciOiJjOTk0NmIwIn0%3D\">\n\t\t\t\t\t<div class=\"e-gallery-image elementor-gallery-item__image\" data-thumbnail=\"https:\/\/djmarq.pl\/wp-content\/uploads\/2025\/04\/IMG-20250423-WA0010.jpg\" data-width=\"2048\" data-height=\"1362\" aria-label=\"\" role=\"img\" ><\/div>\n\t\t\t\t\t\t\t\t\t\t\t<div class=\"elementor-gallery-item__overlay\"><\/div>\n\t\t\t\t\t\t\t\t\t\t\t\t\t\t<\/a>\n\t\t\t\t\t\t\t<a class=\"e-gallery-item elementor-gallery-item elementor-animated-content\" href=\"https:\/\/djmarq.pl\/wp-content\/uploads\/2025\/04\/IMG-20250423-WA0011.jpg\" data-elementor-open-lightbox=\"yes\" data-elementor-lightbox-slideshow=\"c9946b0\" data-elementor-lightbox-title=\"IMG-20250423-WA0011\" data-e-action-hash=\"#elementor-action%3Aaction%3Dlightbox%26settings%3DeyJpZCI6NzExLCJ1cmwiOiJodHRwczpcL1wvZGptYXJxLnBsXC93cC1jb250ZW50XC91cGxvYWRzXC8yMDI1XC8wNFwvSU1HLTIwMjUwNDIzLVdBMDAxMS5qcGciLCJzbGlkZXNob3ciOiJjOTk0NmIwIn0%3D\">\n\t\t\t\t\t<div class=\"e-gallery-image elementor-gallery-item__image\" data-thumbnail=\"https:\/\/djmarq.pl\/wp-content\/uploads\/2025\/04\/IMG-20250423-WA0011.jpg\" data-width=\"2048\" data-height=\"1365\" aria-label=\"\" role=\"img\" ><\/div>\n\t\t\t\t\t\t\t\t\t\t\t<div class=\"elementor-gallery-item__overlay\"><\/div>\n\t\t\t\t\t\t\t\t\t\t\t\t\t\t<\/a>\n\t\t\t\t\t<\/div>\n\t\t\t\t\t<\/div>\n\t\t\t\t<\/div>\n\t\t\t\t\t<\/div>\n\t\t<\/div>\n\t\t\t\t\t<\/div>\n\t\t<\/section>\n\t\t\t\t<\/div>\n\t\t","protected":false},"excerpt":{"rendered":"<p>Wesele to jeden z najwa\u017cniejszych dni w \u017cyciu \u2013 dlatego jego oprawa muzyczna musi by\u0107 wyj\u0105tkowa. Od lat specjalizuj\u0119 si\u0119 w prowadzeniu wesel i poprawin, wk\u0142adaj\u0105c w nie ca\u0142e serce, do\u015bwiadczenie i wyczucie chwili. Wsp\u00f3\u0142prac\u0119 z Par\u0105 M\u0142od\u0105 zaczynam od minimum dw\u00f3ch spotka\u0144, podczas kt\u00f3rych wsp\u00f3lnie planujemy przebieg uroczysto\u015bci:&#x1f3b5; dob\u00f3r repertuaru,&#x1f3a4; styl prowadzenia,&#x1f389; zabawy, animacje [&hellip;]<\/p>\n","protected":false},"author":1,"featured_media":0,"parent":0,"menu_order":0,"comment_status":"closed","ping_status":"closed","template":"","meta":{"footnotes":""},"class_list":["post-113","page","type-page","status-publish","hentry","entry"],"acf":[],"_links":{"self":[{"href":"https:\/\/djmarq.pl\/index.php?rest_route=\/wp\/v2\/pages\/113","targetHints":{"allow":["GET"]}}],"collection":[{"href":"https:\/\/djmarq.pl\/index.php?rest_route=\/wp\/v2\/pages"}],"about":[{"href":"https:\/\/djmarq.pl\/index.php?rest_route=\/wp\/v2\/types\/page"}],"author":[{"embeddable":true,"href":"https:\/\/djmarq.pl\/index.php?rest_route=\/wp\/v2\/users\/1"}],"replies":[{"embeddable":true,"href":"https:\/\/djmarq.pl\/index.php?rest_route=%2Fwp%2Fv2%2Fcomments&post=113"}],"version-history":[{"count":40,"href":"https:\/\/djmarq.pl\/index.php?rest_route=\/wp\/v2\/pages\/113\/revisions"}],"predecessor-version":[{"id":726,"href":"https:\/\/djmarq.pl\/index.php?rest_route=\/wp\/v2\/pages\/113\/revisions\/726"}],"wp:attachment":[{"href":"https:\/\/djmarq.pl\/index.php?rest_route=%2Fwp%2Fv2%2Fmedia&parent=113"}],"curies":[{"name":"wp","href":"https:\/\/api.w.org\/{rel}","templated":true}]}}